{"id":297,"date":"2025-05-28T19:52:48","date_gmt":"2025-05-28T11:52:48","guid":{"rendered":"https:\/\/prolosglass.com\/?page_id=297"},"modified":"2025-10-07T16:51:56","modified_gmt":"2025-10-07T08:51:56","slug":"contact-us","status":"publish","type":"page","link":"https:\/\/prolosglass.com\/vi\/contact-us\/","title":{"rendered":"Li\u00ean h\u1ec7 v\u1edbi ch\u00fang t\u00f4i"},"content":{"rendered":"<section class=\"section dark\" id=\"section_712582319\">\n\t\t<div class=\"section-bg fill\" >\n\t\t\t<img loading=\"lazy\" decoding=\"async\" width=\"2560\" height=\"1058\" src=\"https:\/\/prolosglass.com\/wp-content\/uploads\/2025\/05\/download-1-1-scaled.webp\" class=\"bg attachment- size-\" alt=\"\" \/>\t\t\t\t\t\t<div class=\"section-bg-overlay absolute fill\"><\/div>\n\t\t\t\n\n\t\t<\/div>\n\n\t\t\n\n\t\t<div class=\"section-content relative\">\n\t\t\t\n\n<div class=\"row\"  id=\"row-1019861006\">\n\n\n\t<div id=\"col-1721551964\" class=\"col small-12 large-12\"  >\n\t\t\t\t<div class=\"col-inner text-center\"  >\n\t\t\t\n\t\t\t\n\n<h2 style=\"font-size:300%;\">Li\u00ean l\u1ea1c v\u1edbi ch\u00fang t\u00f4i<\/h2>\n<p>B\u1ea1n mu\u1ed1n li\u00ean h\u1ec7 v\u1edbi ch\u00fang t\u00f4i? Ch\u00fang t\u00f4i r\u1ea5t mong nh\u1eadn \u0111\u01b0\u1ee3c ph\u1ea3n h\u1ed3i t\u1eeb b\u1ea1n. D\u01b0\u1edbi \u0111\u00e2y l\u00e0 c\u00e1ch b\u1ea1n c\u00f3 th\u1ec3 li\u00ean h\u1ec7 v\u1edbi ch\u00fang t\u00f4i\u2026<\/p>\n\n\n\t\t<\/div>\n\t\t\t\t\n<style>\n#col-1721551964 > .col-inner {\n  padding: 20px 0px 0px 0px;\n}\n<\/style>\n\t<\/div>\n\n\t\n\n<\/div>\n\n\t\t<\/div>\n\n\t\t\n<style>\n#section_712582319 {\n  padding-top: 140px;\n  padding-bottom: 140px;\n  background-color: rgb(40, 40, 40);\n}\n#section_712582319 .section-bg-overlay {\n  background-color: rgba(0, 0, 0, 0.3);\n}\n#section_712582319 .section-bg img {\n  object-position: 48% 50%;\n}\n<\/style>\n\t<\/section>\n\t\n\n\t<section class=\"section\" id=\"section_1073356081\">\n\t\t<div class=\"section-bg fill\" >\n\t\t\t\t\t\t\t\t\t\n\t\t\t\n\n\t\t<\/div>\n\n\t\t\n\n\t\t<div class=\"section-content relative\">\n\t\t\t\n\n<div class=\"row\"  id=\"row-1397926232\">\n\n\n\t<div id=\"col-2037713927\" class=\"col small-12 large-12\"  >\n\t\t\t\t<div class=\"col-inner\"  >\n\t\t\t\n\t\t\t\n\n<div class=\"row align-equal\"  id=\"row-1128148630\">\n\n\n\t<div id=\"col-1860941942\" class=\"col medium-6 small-12 large-6\"  >\n\t\t\t\t<div class=\"col-inner text-center\"  >\n\t\t\t\n\t\t\t\n\n\n\t\t<div class=\"icon-box featured-box icon-box-center text-center\"  >\n\t\t\t\t\t<div class=\"icon-box-img\" style=\"width: 60px\">\n\t\t\t\t<div class=\"icon\">\n\t\t\t\t\t<div class=\"icon-inner\" >\n\t\t\t\t\t\t<img loading=\"lazy\" decoding=\"async\" width=\"400\" height=\"400\" src=\"https:\/\/prolosglass.com\/wp-content\/uploads\/2025\/09\/contact-page-for-flatsome-wordpress-theme-pointed-icon-phone-400x400.png\" class=\"attachment-medium size-medium\" alt=\"\" srcset=\"https:\/\/prolosglass.com\/wp-content\/uploads\/2025\/09\/contact-page-for-flatsome-wordpress-theme-pointed-icon-phone-400x400.png 400w, https:\/\/prolosglass.com\/wp-content\/uploads\/2025\/09\/contact-page-for-flatsome-wordpress-theme-pointed-icon-phone-280x280.png 280w, https:\/\/prolosglass.com\/wp-content\/uploads\/2025\/09\/contact-page-for-flatsome-wordpress-theme-pointed-icon-phone-300x300.png 300w, https:\/\/prolosglass.com\/wp-content\/uploads\/2025\/09\/contact-page-for-flatsome-wordpress-theme-pointed-icon-phone-100x100.png 100w, https:\/\/prolosglass.com\/wp-content\/uploads\/2025\/09\/contact-page-for-flatsome-wordpress-theme-pointed-icon-phone.png 512w\" sizes=\"auto, (max-width: 400px) 100vw, 400px\" \/>\t\t\t\t\t<\/div>\n\t\t\t\t<\/div>\n\t\t\t<\/div>\n\t\t\t\t<div class=\"icon-box-text last-reset\">\n\t\t\t\t\t\t\t\t\t\n\n\t<div class=\"img has-hover x md-x lg-x y md-y lg-y\" id=\"image_574193208\">\n\t\t\t\t\t\t\t\t<div class=\"img-inner dark\" >\n\t\t\t<img loading=\"lazy\" decoding=\"async\" width=\"438\" height=\"438\" src=\"https:\/\/prolosglass.com\/wp-content\/uploads\/2025\/10\/1-1.webp\" class=\"attachment-large size-large\" alt=\"\" srcset=\"https:\/\/prolosglass.com\/wp-content\/uploads\/2025\/10\/1-1.webp 438w, https:\/\/prolosglass.com\/wp-content\/uploads\/2025\/10\/1-1-400x400.webp 400w, https:\/\/prolosglass.com\/wp-content\/uploads\/2025\/10\/1-1-280x280.webp 280w, https:\/\/prolosglass.com\/wp-content\/uploads\/2025\/10\/1-1-300x300.webp 300w, https:\/\/prolosglass.com\/wp-content\/uploads\/2025\/10\/1-1-100x100.webp 100w\" sizes=\"auto, (max-width: 438px) 100vw, 438px\" \/>\t\t\t\t\t\t\n\t\t\t\t\t<\/div>\n\t\t\t\t\t\t\t\t\n<style>\n#image_574193208 {\n  width: 70%;\n}\n<\/style>\n\t<\/div>\n\t\n\n<h4>Talk to sales(whatsapp)<\/h4>\n\t<div id=\"gap-1187243493\" class=\"gap-element clearfix\" style=\"display:block; height:auto;\">\n\t\t\n<style>\n#gap-1187243493 {\n  padding-top: 20px;\n}\n<\/style>\n\t<\/div>\n\t\n\n\n\t\t<\/div>\n\t<\/div>\n\t\n\t\n\n\t\t<\/div>\n\t\t\t\t\t<\/div>\n\n\t\n\n\t<div id=\"col-536259194\" class=\"col medium-6 small-12 large-6\"  >\n\t\t\t\t<div class=\"col-inner text-center\"  >\n\t\t\t\n\t\t\t\n\n\n\t\t<div class=\"icon-box featured-box icon-box-center text-center\"  >\n\t\t\t\t\t<div class=\"icon-box-img\" style=\"width: 60px\">\n\t\t\t\t<div class=\"icon\">\n\t\t\t\t\t<div class=\"icon-inner\" >\n\t\t\t\t\t\t<img loading=\"lazy\" decoding=\"async\" width=\"400\" height=\"400\" src=\"https:\/\/prolosglass.com\/wp-content\/uploads\/2025\/09\/contact-page-for-flatsome-wordpress-theme-pointed-icon-chat-400x400.png\" class=\"attachment-medium size-medium\" alt=\"\" srcset=\"https:\/\/prolosglass.com\/wp-content\/uploads\/2025\/09\/contact-page-for-flatsome-wordpress-theme-pointed-icon-chat-400x400.png 400w, https:\/\/prolosglass.com\/wp-content\/uploads\/2025\/09\/contact-page-for-flatsome-wordpress-theme-pointed-icon-chat-280x280.png 280w, https:\/\/prolosglass.com\/wp-content\/uploads\/2025\/09\/contact-page-for-flatsome-wordpress-theme-pointed-icon-chat-300x300.png 300w, https:\/\/prolosglass.com\/wp-content\/uploads\/2025\/09\/contact-page-for-flatsome-wordpress-theme-pointed-icon-chat-100x100.png 100w, https:\/\/prolosglass.com\/wp-content\/uploads\/2025\/09\/contact-page-for-flatsome-wordpress-theme-pointed-icon-chat.png 512w\" sizes=\"auto, (max-width: 400px) 100vw, 400px\" \/>\t\t\t\t\t<\/div>\n\t\t\t\t<\/div>\n\t\t\t<\/div>\n\t\t\t\t<div class=\"icon-box-text last-reset\">\n\t\t\t\t\t\t\t\t\t\n\n\t<div class=\"img has-hover x md-x lg-x y md-y lg-y\" id=\"image_375729598\">\n\t\t\t\t\t\t\t\t<div class=\"img-inner dark\" >\n\t\t\t<img loading=\"lazy\" decoding=\"async\" width=\"438\" height=\"438\" src=\"https:\/\/prolosglass.com\/wp-content\/uploads\/2025\/10\/2-1.webp\" class=\"attachment-original size-original\" alt=\"\" srcset=\"https:\/\/prolosglass.com\/wp-content\/uploads\/2025\/10\/2-1.webp 438w, https:\/\/prolosglass.com\/wp-content\/uploads\/2025\/10\/2-1-400x400.webp 400w, https:\/\/prolosglass.com\/wp-content\/uploads\/2025\/10\/2-1-280x280.webp 280w, https:\/\/prolosglass.com\/wp-content\/uploads\/2025\/10\/2-1-300x300.webp 300w, https:\/\/prolosglass.com\/wp-content\/uploads\/2025\/10\/2-1-100x100.webp 100w\" sizes=\"auto, (max-width: 438px) 100vw, 438px\" \/>\t\t\t\t\t\t\n\t\t\t\t\t<\/div>\n\t\t\t\t\t\t\t\t\n<style>\n#image_375729598 {\n  width: 70%;\n}\n<\/style>\n\t<\/div>\n\t\n\n<h4>Talk to sales(wechat)<\/h4>\n\t<div id=\"gap-99958466\" class=\"gap-element clearfix\" style=\"display:block; height:auto;\">\n\t\t\n<style>\n#gap-99958466 {\n  padding-top: 20px;\n}\n<\/style>\n\t<\/div>\n\t\n\n\n\t\t<\/div>\n\t<\/div>\n\t\n\t\n\n\t\t<\/div>\n\t\t\t\t\t<\/div>\n\n\t\n\n\n<style>\n#row-1128148630 > .col > .col-inner {\n  padding: 40px 40px 40px 40px;\n  background-color: rgb(255,255,255);\n}\n<\/style>\n<\/div>\n<div class=\"row row-collapse row-full-width\"  id=\"row-1745086891\">\n\n\n\t<div id=\"col-1771334199\" class=\"col medium-12 small-12 large-12\"  >\n\t\t\t\t<div class=\"col-inner\"  >\n\t\t\t\n\t\t\t\n\n<h2><span style=\"font-size: 120%;\">Li\u00ean h\u1ec7 v\u1edbi ch\u00fang t\u00f4i<\/span><\/h2>\n<p>C\u1ea3m \u01a1n b\u1ea1n \u0111\u00e3 li\u00ean h\u1ec7. Ch\u00fang t\u00f4i s\u1ebd tr\u1ea3 l\u1eddi b\u1ea1n ngay sau khi th\u1ea5y tin nh\u1eafn!<\/p>\n\t<div id=\"gap-1135544563\" class=\"gap-element clearfix\" style=\"display:block; height:auto;\">\n\t\t\n<style>\n#gap-1135544563 {\n  padding-top: 20px;\n}\n@media (min-width:550px) {\n  #gap-1135544563 {\n    padding-top: 20px;\n  }\n}\n@media (min-width:850px) {\n  #gap-1135544563 {\n    padding-top: 30px;\n  }\n}\n<\/style>\n\t<\/div>\n\t\n\n<div class=\"row\"  id=\"row-1060045981\">\n\n\n\t<div id=\"col-297475582\" class=\"col medium-4 small-12 large-4\"  >\n\t\t\t\t<div class=\"col-inner\"  >\n\t\t\t\n\t\t\t\n\n\t<div class=\"img has-hover x md-x lg-x y md-y lg-y\" id=\"image_1532745806\">\n\t\t\t\t\t\t\t\t<div class=\"img-inner dark\" >\n\t\t\t<img loading=\"lazy\" decoding=\"async\" width=\"240\" height=\"240\" src=\"https:\/\/prolosglass.com\/wp-content\/uploads\/2025\/05\/phone-fill.png\" class=\"attachment-large size-large\" alt=\"\" srcset=\"https:\/\/prolosglass.com\/wp-content\/uploads\/2025\/05\/phone-fill.png 240w, https:\/\/prolosglass.com\/wp-content\/uploads\/2025\/05\/phone-fill-100x100.png 100w\" sizes=\"auto, (max-width: 240px) 100vw, 240px\" \/>\t\t\t\t\t\t\n\t\t\t\t\t<\/div>\n\t\t\t\t\t\t\t\t\n<style>\n#image_1532745806 {\n  width: 15%;\n}\n@media (min-width:550px) {\n  #image_1532745806 {\n    width: 20%;\n  }\n}\n<\/style>\n\t<\/div>\n\t\n\n<h3 class=\"uppercase\">phone<\/h3>\n<p>+8619030197053<\/p>\n\n\t\t<\/div>\n\t\t\t\t\t<\/div>\n\n\t\n\n\t<div id=\"col-2068882551\" class=\"col medium-5 small-12 large-4\"  >\n\t\t\t\t<div class=\"col-inner\"  >\n\t\t\t\n\t\t\t\n\n\t<div class=\"img has-hover x md-x lg-x y md-y lg-y\" id=\"image_1000967916\">\n\t\t\t\t\t\t\t\t<div class=\"img-inner dark\" >\n\t\t\t<img loading=\"lazy\" decoding=\"async\" width=\"240\" height=\"240\" src=\"https:\/\/prolosglass.com\/wp-content\/uploads\/2025\/05\/mail-open-fill.png\" class=\"attachment-large size-large\" alt=\"\" srcset=\"https:\/\/prolosglass.com\/wp-content\/uploads\/2025\/05\/mail-open-fill.png 240w, https:\/\/prolosglass.com\/wp-content\/uploads\/2025\/05\/mail-open-fill-100x100.png 100w\" sizes=\"auto, (max-width: 240px) 100vw, 240px\" \/>\t\t\t\t\t\t\n\t\t\t\t\t<\/div>\n\t\t\t\t\t\t\t\t\n<style>\n#image_1000967916 {\n  width: 15%;\n}\n@media (min-width:550px) {\n  #image_1000967916 {\n    width: 20%;\n  }\n}\n<\/style>\n\t<\/div>\n\t\n\n<h3 class=\"uppercase\">E-mail<\/h3>\n<p>info@prolosglass.com<\/p>\n\n\t\t<\/div>\n\t\t\t\t\t<\/div>\n\n\t\n\n\t<div id=\"col-1639766729\" class=\"col medium-4 small-12 large-4\"  >\n\t\t\t\t<div class=\"col-inner\"  >\n\t\t\t\n\t\t\t\n\n\t<div class=\"img has-hover x md-x lg-x y md-y lg-y\" id=\"image_1932595426\">\n\t\t\t\t\t\t\t\t<div class=\"img-inner dark\" >\n\t\t\t<img loading=\"lazy\" decoding=\"async\" width=\"240\" height=\"240\" src=\"https:\/\/prolosglass.com\/wp-content\/uploads\/2025\/05\/map-pin-2-fill-2.png\" class=\"attachment-large size-large\" alt=\"\" srcset=\"https:\/\/prolosglass.com\/wp-content\/uploads\/2025\/05\/map-pin-2-fill-2.png 240w, https:\/\/prolosglass.com\/wp-content\/uploads\/2025\/05\/map-pin-2-fill-2-100x100.png 100w\" sizes=\"auto, (max-width: 240px) 100vw, 240px\" \/>\t\t\t\t\t\t\n\t\t\t\t\t<\/div>\n\t\t\t\t\t\t\t\t\n<style>\n#image_1932595426 {\n  width: 15%;\n}\n@media (min-width:550px) {\n  #image_1932595426 {\n    width: 20%;\n  }\n}\n<\/style>\n\t<\/div>\n\t\n\n<h3 class=\"uppercase\">Adress<\/h3>\n<p>No. 24, District 2, Sanwang Village,<br \/>Xincheng Town, Shahe County,  <br \/>Xingtai City, Hebei Province\uff0cChina.<\/p>\n\n\t\t<\/div>\n\t\t\t\t\t<\/div>\n\n\t\n\n<\/div>\n\n\t\t<\/div>\n\t\t\t\t\n<style>\n#col-1771334199 > .col-inner {\n  padding: 0px 0px 0px 20px;\n}\n<\/style>\n\t<\/div>\n\n\t\n\n\n<style>\n#row-1745086891 > .col > .col-inner {\n  padding: 0px 15px 0px 15px;\n}\n<\/style>\n<\/div>\n\n\t\t<\/div>\n\t\t\t\t\n<style>\n#col-2037713927 > .col-inner {\n  margin: -100px 0px 0px 0px;\n}\n<\/style>\n\t<\/div>\n\n\t\n\n<\/div>\n\n\t\t<\/div>\n\n\t\t\n<style>\n#section_1073356081 {\n  padding-top: 30px;\n  padding-bottom: 30px;\n  background-color: rgb(244, 244, 244);\n}\n<\/style>\n\t<\/section>","protected":false},"excerpt":{"rendered":"","protected":false},"author":1,"featured_media":0,"parent":0,"menu_order":0,"comment_status":"closed","ping_status":"closed","template":"","meta":{"footnotes":""},"class_list":["post-297","page","type-page","status-publish","hentry"],"_links":{"self":[{"href":"https:\/\/prolosglass.com\/vi\/wp-json\/wp\/v2\/pages\/297","targetHints":{"allow":["GET"]}}],"collection":[{"href":"https:\/\/prolosglass.com\/vi\/wp-json\/wp\/v2\/pages"}],"about":[{"href":"https:\/\/prolosglass.com\/vi\/wp-json\/wp\/v2\/types\/page"}],"author":[{"embeddable":true,"href":"https:\/\/prolosglass.com\/vi\/wp-json\/wp\/v2\/users\/1"}],"replies":[{"embeddable":true,"href":"https:\/\/prolosglass.com\/vi\/wp-json\/wp\/v2\/comments?post=297"}],"version-history":[{"count":8,"href":"https:\/\/prolosglass.com\/vi\/wp-json\/wp\/v2\/pages\/297\/revisions"}],"predecessor-version":[{"id":764,"href":"https:\/\/prolosglass.com\/vi\/wp-json\/wp\/v2\/pages\/297\/revisions\/764"}],"wp:attachment":[{"href":"https:\/\/prolosglass.com\/vi\/wp-json\/wp\/v2\/media?parent=297"}],"curies":[{"name":"wp","href":"https:\/\/api.w.org\/{rel}","templated":true}]}}