{"id":297,"date":"2025-05-28T19:52:48","date_gmt":"2025-05-28T11:52:48","guid":{"rendered":"https:\/\/prolosglass.com\/?page_id=297"},"modified":"2025-10-07T16:51:56","modified_gmt":"2025-10-07T08:51:56","slug":"contact-us","status":"publish","type":"page","link":"https:\/\/prolosglass.com\/tr\/contact-us\/","title":{"rendered":"Bize Ula\u015f\u0131n"},"content":{"rendered":"<section class=\"section dark\" id=\"section_1145120072\">\n\t\t<div class=\"section-bg fill\" >\n\t\t\t<img loading=\"lazy\" decoding=\"async\" width=\"2560\" height=\"1058\" src=\"https:\/\/prolosglass.com\/wp-content\/uploads\/2025\/05\/download-1-1-scaled.webp\" class=\"bg attachment- size-\" alt=\"\" \/>\t\t\t\t\t\t<div class=\"section-bg-overlay absolute fill\"><\/div>\n\t\t\t\n\n\t\t<\/div>\n\n\t\t\n\n\t\t<div class=\"section-content relative\">\n\t\t\t\n\n<div class=\"row\"  id=\"row-968088311\">\n\n\n\t<div id=\"col-1275189375\" class=\"col small-12 large-12\"  >\n\t\t\t\t<div class=\"col-inner text-center\"  >\n\t\t\t\n\t\t\t\n\n<h2 style=\"font-size:300%;\">Bizimle ileti\u015fime ge\u00e7in<\/h2>\n<p>Bizimle ileti\u015fime ge\u00e7mek ister misiniz? Sizden haber almak isteriz. Bize nas\u0131l ula\u015fabilece\u011finizi a\u015fa\u011f\u0131da bulabilirsiniz...<\/p>\n\n\n\t\t<\/div>\n\t\t\t\t\n<style>\n#col-1275189375 > .col-inner {\n  padding: 20px 0px 0px 0px;\n}\n<\/style>\n\t<\/div>\n\n\t\n\n<\/div>\n\n\t\t<\/div>\n\n\t\t\n<style>\n#section_1145120072 {\n  padding-top: 140px;\n  padding-bottom: 140px;\n  background-color: rgb(40, 40, 40);\n}\n#section_1145120072 .section-bg-overlay {\n  background-color: rgba(0, 0, 0, 0.3);\n}\n#section_1145120072 .section-bg img {\n  object-position: 48% 50%;\n}\n<\/style>\n\t<\/section>\n\t\n\n\t<section class=\"section\" id=\"section_1779829530\">\n\t\t<div class=\"section-bg fill\" >\n\t\t\t\t\t\t\t\t\t\n\t\t\t\n\n\t\t<\/div>\n\n\t\t\n\n\t\t<div class=\"section-content relative\">\n\t\t\t\n\n<div class=\"row\"  id=\"row-43897957\">\n\n\n\t<div id=\"col-738081022\" class=\"col small-12 large-12\"  >\n\t\t\t\t<div class=\"col-inner\"  >\n\t\t\t\n\t\t\t\n\n<div class=\"row align-equal\"  id=\"row-258826772\">\n\n\n\t<div id=\"col-728184990\" class=\"col medium-6 small-12 large-6\"  >\n\t\t\t\t<div class=\"col-inner text-center\"  >\n\t\t\t\n\t\t\t\n\n\n\t\t<div class=\"icon-box featured-box icon-box-center text-center\"  >\n\t\t\t\t\t<div class=\"icon-box-img\" style=\"width: 60px\">\n\t\t\t\t<div class=\"icon\">\n\t\t\t\t\t<div class=\"icon-inner\" >\n\t\t\t\t\t\t<img loading=\"lazy\" decoding=\"async\" width=\"400\" height=\"400\" src=\"https:\/\/prolosglass.com\/wp-content\/uploads\/2025\/09\/contact-page-for-flatsome-wordpress-theme-pointed-icon-phone-400x400.png\" class=\"attachment-medium size-medium\" alt=\"\" srcset=\"https:\/\/prolosglass.com\/wp-content\/uploads\/2025\/09\/contact-page-for-flatsome-wordpress-theme-pointed-icon-phone-400x400.png 400w, https:\/\/prolosglass.com\/wp-content\/uploads\/2025\/09\/contact-page-for-flatsome-wordpress-theme-pointed-icon-phone-280x280.png 280w, https:\/\/prolosglass.com\/wp-content\/uploads\/2025\/09\/contact-page-for-flatsome-wordpress-theme-pointed-icon-phone-300x300.png 300w, https:\/\/prolosglass.com\/wp-content\/uploads\/2025\/09\/contact-page-for-flatsome-wordpress-theme-pointed-icon-phone-100x100.png 100w, https:\/\/prolosglass.com\/wp-content\/uploads\/2025\/09\/contact-page-for-flatsome-wordpress-theme-pointed-icon-phone.png 512w\" sizes=\"auto, (max-width: 400px) 100vw, 400px\" \/>\t\t\t\t\t<\/div>\n\t\t\t\t<\/div>\n\t\t\t<\/div>\n\t\t\t\t<div class=\"icon-box-text last-reset\">\n\t\t\t\t\t\t\t\t\t\n\n\t<div class=\"img has-hover x md-x lg-x y md-y lg-y\" id=\"image_64748720\">\n\t\t\t\t\t\t\t\t<div class=\"img-inner dark\" >\n\t\t\t<img loading=\"lazy\" decoding=\"async\" width=\"438\" height=\"438\" src=\"https:\/\/prolosglass.com\/wp-content\/uploads\/2025\/10\/1-1.webp\" class=\"attachment-large size-large\" alt=\"\" srcset=\"https:\/\/prolosglass.com\/wp-content\/uploads\/2025\/10\/1-1.webp 438w, https:\/\/prolosglass.com\/wp-content\/uploads\/2025\/10\/1-1-400x400.webp 400w, https:\/\/prolosglass.com\/wp-content\/uploads\/2025\/10\/1-1-280x280.webp 280w, https:\/\/prolosglass.com\/wp-content\/uploads\/2025\/10\/1-1-300x300.webp 300w, https:\/\/prolosglass.com\/wp-content\/uploads\/2025\/10\/1-1-100x100.webp 100w\" sizes=\"auto, (max-width: 438px) 100vw, 438px\" \/>\t\t\t\t\t\t\n\t\t\t\t\t<\/div>\n\t\t\t\t\t\t\t\t\n<style>\n#image_64748720 {\n  width: 70%;\n}\n<\/style>\n\t<\/div>\n\t\n\n<h4>Talk to sales(whatsapp)<\/h4>\n\t<div id=\"gap-595775996\" class=\"gap-element clearfix\" style=\"display:block; height:auto;\">\n\t\t\n<style>\n#gap-595775996 {\n  padding-top: 20px;\n}\n<\/style>\n\t<\/div>\n\t\n\n\n\t\t<\/div>\n\t<\/div>\n\t\n\t\n\n\t\t<\/div>\n\t\t\t\t\t<\/div>\n\n\t\n\n\t<div id=\"col-1343661780\" class=\"col medium-6 small-12 large-6\"  >\n\t\t\t\t<div class=\"col-inner text-center\"  >\n\t\t\t\n\t\t\t\n\n\n\t\t<div class=\"icon-box featured-box icon-box-center text-center\"  >\n\t\t\t\t\t<div class=\"icon-box-img\" style=\"width: 60px\">\n\t\t\t\t<div class=\"icon\">\n\t\t\t\t\t<div class=\"icon-inner\" >\n\t\t\t\t\t\t<img loading=\"lazy\" decoding=\"async\" width=\"400\" height=\"400\" src=\"https:\/\/prolosglass.com\/wp-content\/uploads\/2025\/09\/contact-page-for-flatsome-wordpress-theme-pointed-icon-chat-400x400.png\" class=\"attachment-medium size-medium\" alt=\"\" srcset=\"https:\/\/prolosglass.com\/wp-content\/uploads\/2025\/09\/contact-page-for-flatsome-wordpress-theme-pointed-icon-chat-400x400.png 400w, https:\/\/prolosglass.com\/wp-content\/uploads\/2025\/09\/contact-page-for-flatsome-wordpress-theme-pointed-icon-chat-280x280.png 280w, https:\/\/prolosglass.com\/wp-content\/uploads\/2025\/09\/contact-page-for-flatsome-wordpress-theme-pointed-icon-chat-300x300.png 300w, https:\/\/prolosglass.com\/wp-content\/uploads\/2025\/09\/contact-page-for-flatsome-wordpress-theme-pointed-icon-chat-100x100.png 100w, https:\/\/prolosglass.com\/wp-content\/uploads\/2025\/09\/contact-page-for-flatsome-wordpress-theme-pointed-icon-chat.png 512w\" sizes=\"auto, (max-width: 400px) 100vw, 400px\" \/>\t\t\t\t\t<\/div>\n\t\t\t\t<\/div>\n\t\t\t<\/div>\n\t\t\t\t<div class=\"icon-box-text last-reset\">\n\t\t\t\t\t\t\t\t\t\n\n\t<div class=\"img has-hover x md-x lg-x y md-y lg-y\" id=\"image_695337638\">\n\t\t\t\t\t\t\t\t<div class=\"img-inner dark\" >\n\t\t\t<img loading=\"lazy\" decoding=\"async\" width=\"438\" height=\"438\" src=\"https:\/\/prolosglass.com\/wp-content\/uploads\/2025\/10\/2-1.webp\" class=\"attachment-original size-original\" alt=\"\" srcset=\"https:\/\/prolosglass.com\/wp-content\/uploads\/2025\/10\/2-1.webp 438w, https:\/\/prolosglass.com\/wp-content\/uploads\/2025\/10\/2-1-400x400.webp 400w, https:\/\/prolosglass.com\/wp-content\/uploads\/2025\/10\/2-1-280x280.webp 280w, https:\/\/prolosglass.com\/wp-content\/uploads\/2025\/10\/2-1-300x300.webp 300w, https:\/\/prolosglass.com\/wp-content\/uploads\/2025\/10\/2-1-100x100.webp 100w\" sizes=\"auto, (max-width: 438px) 100vw, 438px\" \/>\t\t\t\t\t\t\n\t\t\t\t\t<\/div>\n\t\t\t\t\t\t\t\t\n<style>\n#image_695337638 {\n  width: 70%;\n}\n<\/style>\n\t<\/div>\n\t\n\n<h4>Talk to sales(wechat)<\/h4>\n\t<div id=\"gap-498824293\" class=\"gap-element clearfix\" style=\"display:block; height:auto;\">\n\t\t\n<style>\n#gap-498824293 {\n  padding-top: 20px;\n}\n<\/style>\n\t<\/div>\n\t\n\n\n\t\t<\/div>\n\t<\/div>\n\t\n\t\n\n\t\t<\/div>\n\t\t\t\t\t<\/div>\n\n\t\n\n\n<style>\n#row-258826772 > .col > .col-inner {\n  padding: 40px 40px 40px 40px;\n  background-color: rgb(255,255,255);\n}\n<\/style>\n<\/div>\n<div class=\"row row-collapse row-full-width\"  id=\"row-1272473497\">\n\n\n\t<div id=\"col-1332710115\" class=\"col medium-12 small-12 large-12\"  >\n\t\t\t\t<div class=\"col-inner\"  >\n\t\t\t\n\t\t\t\n\n<h2><span style=\"font-size: 120%;\">Bize Ula\u015f\u0131n<\/span><\/h2>\n<p>\u0130leti\u015fiminiz i\u00e7in te\u015fekk\u00fcr ederiz. Mesaj\u0131n\u0131z\u0131 g\u00f6rd\u00fckten hemen sonra size geri d\u00f6n\u00fc\u015f yapaca\u011f\u0131z!<\/p>\n\t<div id=\"gap-21204298\" class=\"gap-element clearfix\" style=\"display:block; height:auto;\">\n\t\t\n<style>\n#gap-21204298 {\n  padding-top: 20px;\n}\n@media (min-width:550px) {\n  #gap-21204298 {\n    padding-top: 20px;\n  }\n}\n@media (min-width:850px) {\n  #gap-21204298 {\n    padding-top: 30px;\n  }\n}\n<\/style>\n\t<\/div>\n\t\n\n<div class=\"row\"  id=\"row-601422056\">\n\n\n\t<div id=\"col-988210020\" class=\"col medium-4 small-12 large-4\"  >\n\t\t\t\t<div class=\"col-inner\"  >\n\t\t\t\n\t\t\t\n\n\t<div class=\"img has-hover x md-x lg-x y md-y lg-y\" id=\"image_1412521824\">\n\t\t\t\t\t\t\t\t<div class=\"img-inner dark\" >\n\t\t\t<img loading=\"lazy\" decoding=\"async\" width=\"240\" height=\"240\" src=\"https:\/\/prolosglass.com\/wp-content\/uploads\/2025\/05\/phone-fill.png\" class=\"attachment-large size-large\" alt=\"\" srcset=\"https:\/\/prolosglass.com\/wp-content\/uploads\/2025\/05\/phone-fill.png 240w, https:\/\/prolosglass.com\/wp-content\/uploads\/2025\/05\/phone-fill-100x100.png 100w\" sizes=\"auto, (max-width: 240px) 100vw, 240px\" \/>\t\t\t\t\t\t\n\t\t\t\t\t<\/div>\n\t\t\t\t\t\t\t\t\n<style>\n#image_1412521824 {\n  width: 15%;\n}\n@media (min-width:550px) {\n  #image_1412521824 {\n    width: 20%;\n  }\n}\n<\/style>\n\t<\/div>\n\t\n\n<h3 class=\"uppercase\">phone<\/h3>\n<p>+8619030197053<\/p>\n\n\t\t<\/div>\n\t\t\t\t\t<\/div>\n\n\t\n\n\t<div id=\"col-529130319\" class=\"col medium-5 small-12 large-4\"  >\n\t\t\t\t<div class=\"col-inner\"  >\n\t\t\t\n\t\t\t\n\n\t<div class=\"img has-hover x md-x lg-x y md-y lg-y\" id=\"image_2102578855\">\n\t\t\t\t\t\t\t\t<div class=\"img-inner dark\" >\n\t\t\t<img loading=\"lazy\" decoding=\"async\" width=\"240\" height=\"240\" src=\"https:\/\/prolosglass.com\/wp-content\/uploads\/2025\/05\/mail-open-fill.png\" class=\"attachment-large size-large\" alt=\"\" srcset=\"https:\/\/prolosglass.com\/wp-content\/uploads\/2025\/05\/mail-open-fill.png 240w, https:\/\/prolosglass.com\/wp-content\/uploads\/2025\/05\/mail-open-fill-100x100.png 100w\" sizes=\"auto, (max-width: 240px) 100vw, 240px\" \/>\t\t\t\t\t\t\n\t\t\t\t\t<\/div>\n\t\t\t\t\t\t\t\t\n<style>\n#image_2102578855 {\n  width: 15%;\n}\n@media (min-width:550px) {\n  #image_2102578855 {\n    width: 20%;\n  }\n}\n<\/style>\n\t<\/div>\n\t\n\n<h3 class=\"uppercase\">E-mail<\/h3>\n<p>info@prolosglass.com<\/p>\n\n\t\t<\/div>\n\t\t\t\t\t<\/div>\n\n\t\n\n\t<div id=\"col-1125987794\" class=\"col medium-4 small-12 large-4\"  >\n\t\t\t\t<div class=\"col-inner\"  >\n\t\t\t\n\t\t\t\n\n\t<div class=\"img has-hover x md-x lg-x y md-y lg-y\" id=\"image_1384506106\">\n\t\t\t\t\t\t\t\t<div class=\"img-inner dark\" >\n\t\t\t<img loading=\"lazy\" decoding=\"async\" width=\"240\" height=\"240\" src=\"https:\/\/prolosglass.com\/wp-content\/uploads\/2025\/05\/map-pin-2-fill-2.png\" class=\"attachment-large size-large\" alt=\"\" srcset=\"https:\/\/prolosglass.com\/wp-content\/uploads\/2025\/05\/map-pin-2-fill-2.png 240w, https:\/\/prolosglass.com\/wp-content\/uploads\/2025\/05\/map-pin-2-fill-2-100x100.png 100w\" sizes=\"auto, (max-width: 240px) 100vw, 240px\" \/>\t\t\t\t\t\t\n\t\t\t\t\t<\/div>\n\t\t\t\t\t\t\t\t\n<style>\n#image_1384506106 {\n  width: 15%;\n}\n@media (min-width:550px) {\n  #image_1384506106 {\n    width: 20%;\n  }\n}\n<\/style>\n\t<\/div>\n\t\n\n<h3 class=\"uppercase\">Adress<\/h3>\n<p>No. 24, District 2, Sanwang Village,<br \/>Xincheng Town, Shahe County,  <br \/>Xingtai City, Hebei Province\uff0cChina.<\/p>\n\n\t\t<\/div>\n\t\t\t\t\t<\/div>\n\n\t\n\n<\/div>\n\n\t\t<\/div>\n\t\t\t\t\n<style>\n#col-1332710115 > .col-inner {\n  padding: 0px 0px 0px 20px;\n}\n<\/style>\n\t<\/div>\n\n\t\n\n\n<style>\n#row-1272473497 > .col > .col-inner {\n  padding: 0px 15px 0px 15px;\n}\n<\/style>\n<\/div>\n\n\t\t<\/div>\n\t\t\t\t\n<style>\n#col-738081022 > .col-inner {\n  margin: -100px 0px 0px 0px;\n}\n<\/style>\n\t<\/div>\n\n\t\n\n<\/div>\n\n\t\t<\/div>\n\n\t\t\n<style>\n#section_1779829530 {\n  padding-top: 30px;\n  padding-bottom: 30px;\n  background-color: rgb(244, 244, 244);\n}\n<\/style>\n\t<\/section>","protected":false},"excerpt":{"rendered":"","protected":false},"author":1,"featured_media":0,"parent":0,"menu_order":0,"comment_status":"closed","ping_status":"closed","template":"","meta":{"footnotes":""},"class_list":["post-297","page","type-page","status-publish","hentry"],"_links":{"self":[{"href":"https:\/\/prolosglass.com\/tr\/wp-json\/wp\/v2\/pages\/297","targetHints":{"allow":["GET"]}}],"collection":[{"href":"https:\/\/prolosglass.com\/tr\/wp-json\/wp\/v2\/pages"}],"about":[{"href":"https:\/\/prolosglass.com\/tr\/wp-json\/wp\/v2\/types\/page"}],"author":[{"embeddable":true,"href":"https:\/\/prolosglass.com\/tr\/wp-json\/wp\/v2\/users\/1"}],"replies":[{"embeddable":true,"href":"https:\/\/prolosglass.com\/tr\/wp-json\/wp\/v2\/comments?post=297"}],"version-history":[{"count":8,"href":"https:\/\/prolosglass.com\/tr\/wp-json\/wp\/v2\/pages\/297\/revisions"}],"predecessor-version":[{"id":764,"href":"https:\/\/prolosglass.com\/tr\/wp-json\/wp\/v2\/pages\/297\/revisions\/764"}],"wp:attachment":[{"href":"https:\/\/prolosglass.com\/tr\/wp-json\/wp\/v2\/media?parent=297"}],"curies":[{"name":"wp","href":"https:\/\/api.w.org\/{rel}","templated":true}]}}